{"id":5599,"date":"2024-09-26T09:00:33","date_gmt":"2024-09-26T08:00:33","guid":{"rendered":"https:\/\/thuizsorg.nl\/?page_id=5599"},"modified":"2024-09-26T09:01:56","modified_gmt":"2024-09-26T08:01:56","slug":"uitsluitingscriteria","status":"publish","type":"page","link":"https:\/\/thuizsorg.nl\/index.php\/uitsluitingscriteria\/","title":{"rendered":"Uitsluitingscriteria"},"content":{"rendered":"\t\t<div data-elementor-type=\"wp-page\" data-elementor-id=\"5599\" class=\"elementor elementor-5599\">\n\t\t\t\t\t\t\t        <section class=\"elementor-section elementor-top-section elementor-element elementor-element-7c31a47 elementor-section-boxed elementor-section-height-default elementor-section-height-default ct-header-fixed-none ct-row-max-none\" data-id=\"7c31a47\" data-element_type=\"section\">\n            \n                        <div class=\"elementor-container elementor-column-gap-default \">\n                    <div class=\"elementor-column elementor-col-100 elementor-top-column elementor-element elementor-element-36c6602\" data-id=\"36c6602\" data-element_type=\"column\" data-settings=\"{&quot;background_background&quot;:&quot;classic&quot;,&quot;animation&quot;:&quot;none&quot;}\">\n            <div class=\"elementor-widget-wrap elementor-element-populated\">\n                        \t\t<div class=\"elementor-element elementor-element-2bd86ac elementor-widget elementor-widget-text-editor\" data-id=\"2bd86ac\" data-element_type=\"widget\" data-widget_type=\"text-editor.default\">\n\t\t\t\t<div class=\"elementor-widget-container\">\n\t\t\t<style>\/*! elementor - v3.14.0 - 26-06-2023 *\/\n.elementor-widget-text-editor.elementor-drop-cap-view-stacked .elementor-drop-cap{background-color:#69727d;color:#fff}.elementor-widget-text-editor.elementor-drop-cap-view-framed .elementor-drop-cap{color:#69727d;border:3px solid;background-color:transparent}.elementor-widget-text-editor:not(.elementor-drop-cap-view-default) .elementor-drop-cap{margin-top:8px}.elementor-widget-text-editor:not(.elementor-drop-cap-view-default) .elementor-drop-cap-letter{width:1em;height:1em}.elementor-widget-text-editor .elementor-drop-cap{float:left;text-align:center;line-height:1;font-size:50px}.elementor-widget-text-editor .elementor-drop-cap-letter{display:inline-block}<\/style>\t\t\t\t<h5>Uitsluitingscriteria Thuizsorg B.V.<\/h5><p><strong><b>\u00a0<\/b><\/strong><strong><b>Inleiding <\/b><\/strong><\/p><p><strong><b>\u00a0<\/b><\/strong>Thuizsorg BV wil verantwoorde en kwalitatief goede zorg leveren thuis aan haar cli\u00ebnten. Dat betekent dat &#8211; hoe zwaar de zorgbehoefte ook wordt &#8211; de cli\u00ebnt in de eigen woning kan blijven wonen, mits dit medisch gezien verantwoord is. Hoewel Thuizsorg BV uiteraard zorg wil verlenen aan alle cli\u00ebnten zijn er een aantal situaties waarin de keus wordt gemaakt om geen zorg te leveren aan een aantal cli\u00ebntgroepen. In deze notitie wordt beschreven welke uitsluitcriteria Thuizsorg BV hanteert.<\/p><p><strong><b>Uitsluitingscriteria <\/b><\/strong><\/p><p>Wanneer een cli\u00ebnt een gevaar voor zichzelf of voor zijn of haar omgeving wordt en dit gevaar niet binnen de bevoegdheden van de thuiszorg van Thuizsorg BV af te wenden valt, zal helaas overgegaan moeten worden tot zorgweigering. In dat geval zal Thuizsorg BV er alles aan doen om de cli\u00ebnt zo goed mogelijk te helpen met het zoeken naar een beter bij de zorgbehoefte aansluitende plek.<\/p><p>Thuizsorg BV levert geen zorg aan de cli\u00ebntengroepen die hieronder nader omschreven worden:<\/p><ul><li>Cli\u00ebnten met (vrijwillige) vrijheidbeperkende maatregelen (denk aan bv. deur op slot, bedhekken, gedwongen douchen, kalmerende medicijnen). Hierover wordt echter altijd vooraf in gesprek gegaan met huisarts, familie of andere zorgverlenende instanties.<\/li><li>Cli\u00ebnten met complexe psychiatrische problematiek als voorliggend probleem.<\/li><li>Cli\u00ebnten met complexe verslavingsproblematiek als voorliggend probleem, waarbij de persoonlijke veiligheid en\/of vrijheid van zorgverlener in gevaar is of kan komen.<\/li><li>Cli\u00ebnten met zeer complexe verpleegtechnische handelingen, zoals bijvoorbeeld cli\u00ebnten die afhankelijk zijn van beademing en cli\u00ebnten met intraveneuze voeding.<\/li><li>Cli\u00ebnten met dwaalgedrag zodanig dat de persoonlijke veiligheid en\/of vrijheid van zorgverlener niet gegarandeerd kan worden.<\/li><li>Cli\u00ebnten met ernstige gedragsproblemen (bijvoorbeeld bij dementie of bij psychiatrische diagnoses) die na interventies onvoldoende begeleid kunnen worden in de thuissituatie.<\/li><li>Cli\u00ebnten die door hun gevorderde dementie baat hebben bij de veiligheid en geborgenheid van een kleinschalige woonomgeving.<\/li><li>Cli\u00ebnten die hun huis niet meer als een veilige omgeving ervaren.<\/li><li>Cli\u00ebnten die de hulp van Thuizsorg BV niet accepteren.<\/li><li>Cli\u00ebnten die su\u00efcidaal gedrag vertonen.<\/li><li>Cli\u00ebnten met ernstige onrust en bewegingsdrang, decorumverlies, verbale en non verbale agressie. Gedrag dat niet te be\u00efnvloeden is door frequent positieve aandacht.<\/li><li>Cli\u00ebnten die weigeren mee te werken aan het veilig en verantwoord werken van de medewerkers van Thuizsorg BV.<\/li><\/ul>\t\t\t\t\t\t<\/div>\n\t\t\t\t<\/div>\n\t\t            <\/div>\n        <\/div>\n                            <\/div>\n        <\/section>\n        \t\t\t\t\t<\/div>\n\t\t","protected":false},"excerpt":{"rendered":"<p>Uitsluitingscriteria Thuizsorg B.V. \u00a0Inleiding \u00a0Thuizsorg BV wil verantwoorde en kwalitatief goede zorg leveren thuis aan haar cli\u00ebnten. Dat betekent dat &#8211; hoe zwaar de zorgbehoefte ook wordt &#8211; de cli\u00ebnt in de eigen woning kan blijven wonen, mits dit medisch gezien verantwoord is. Hoewel Thuizsorg BV uiteraard zorg wil verlenen aan alle cli\u00ebnten zijn er [&hellip;]<\/p>\n","protected":false},"author":2,"featured_media":0,"parent":0,"menu_order":0,"comment_status":"closed","ping_status":"closed","template":"","meta":{"footnotes":""},"_links":{"self":[{"href":"https:\/\/thuizsorg.nl\/index.php\/wp-json\/wp\/v2\/pages\/5599"}],"collection":[{"href":"https:\/\/thuizsorg.nl\/index.php\/wp-json\/wp\/v2\/pages"}],"about":[{"href":"https:\/\/thuizsorg.nl\/index.php\/wp-json\/wp\/v2\/types\/page"}],"author":[{"embeddable":true,"href":"https:\/\/thuizsorg.nl\/index.php\/wp-json\/wp\/v2\/users\/2"}],"replies":[{"embeddable":true,"href":"https:\/\/thuizsorg.nl\/index.php\/wp-json\/wp\/v2\/comments?post=5599"}],"version-history":[{"count":10,"href":"https:\/\/thuizsorg.nl\/index.php\/wp-json\/wp\/v2\/pages\/5599\/revisions"}],"predecessor-version":[{"id":5609,"href":"https:\/\/thuizsorg.nl\/index.php\/wp-json\/wp\/v2\/pages\/5599\/revisions\/5609"}],"wp:attachment":[{"href":"https:\/\/thuizsorg.nl\/index.php\/wp-json\/wp\/v2\/media?parent=5599"}],"curies":[{"name":"wp","href":"https:\/\/api.w.org\/{rel}","templated":true}]}}